{"id":303,"date":"2022-01-29T08:51:40","date_gmt":"2022-01-29T08:51:40","guid":{"rendered":"https:\/\/aspazia.hr\/?page_id=303"},"modified":"2025-02-28T15:32:46","modified_gmt":"2025-02-28T15:32:46","slug":"anticelulitni-tretmani","status":"publish","type":"page","link":"https:\/\/aspazia.hr\/?page_id=303","title":{"rendered":"Anticelulitni tretmani"},"content":{"rendered":"\t\t<div data-elementor-type=\"wp-page\" data-elementor-id=\"303\" class=\"elementor elementor-303\" data-elementor-post-type=\"page\">\n\t\t\t\t\t\t<section class=\"elementor-section elementor-top-section elementor-element elementor-element-258e77b elementor-section-boxed elementor-section-height-default elementor-section-height-default\" data-id=\"258e77b\" data-element_type=\"section\" data-settings=\"{&quot;background_background&quot;:&quot;classic&quot;}\">\n\t\t\t\t\t\t<div class=\"elementor-container elementor-column-gap-default\">\n\t\t\t\t\t<div class=\"elementor-column elementor-col-100 elementor-top-column elementor-element elementor-element-00ec8f6\" data-id=\"00ec8f6\" data-element_type=\"column\">\n\t\t\t<div class=\"elementor-widget-wrap elementor-element-populated\">\n\t\t\t\t\t\t\t<\/div>\n\t\t<\/div>\n\t\t\t\t\t<\/div>\n\t\t<\/section>\n\t\t\t\t<section class=\"elementor-section elementor-top-section elementor-element elementor-element-5d316d3 elementor-section-boxed elementor-section-height-default elementor-section-height-default\" data-id=\"5d316d3\" data-element_type=\"section\">\n\t\t\t\t\t\t<div class=\"elementor-container elementor-column-gap-default\">\n\t\t\t\t\t<div class=\"elementor-column elementor-col-50 elementor-top-column elementor-element elementor-element-91a4360\" data-id=\"91a4360\" data-element_type=\"column\">\n\t\t\t<div class=\"elementor-widget-wrap elementor-element-populated\">\n\t\t\t\t\t\t<div class=\"elementor-element elementor-element-49618d3 elementor-widget elementor-widget-text-editor\" data-id=\"49618d3\" data-element_type=\"widget\" data-widget_type=\"text-editor.default\">\n\t\t\t\t<div class=\"elementor-widget-container\">\n\t\t\t\t\t\t\t<h2>Maderoterapija<\/h2><p>je oblik <a href=\"https:\/\/hr.wikipedia.org\/wiki\/Masa%C5%BEa\">anticelulitne masa\u017ee<\/a> koja se izvodi isklju\u010divo drvenim valjcimai rolerima, dizajniranima upravo za tu namjenu. Temelj ove tehnike je simulacija limfe, \u0161to je prvi korak u uspje\u0161noj borbi protiv celulita.\u00a0<\/p><p>Tretman vidno smanjuje &#8220;naran\u010dinu koru&#8221; i uspje\u0161no rje\u0161ava problem nabubrenja na ko\u017ei. Uz rje\u0161avanja problema s celulitnom maderoterapija pozitivno utje\u010de na sna\u017eno \u010di\u0161\u0107enje organizma, oblikovanje tijela, smanjenje obujma, poricanje rada metabolizma, smanjenje edema, sagorijevanje masti te bolji tonus i zatezanje ko\u017ee.<\/p><p><a href=\"https:\/\/aspazia.hr\/anticelulitni-tretmani\/\">Maderoterapija se provodi svaki drugi dan<\/a>, pobolj\u0161anja su vidljiva ve\u0107 nakon prvog ili drugog tretmana. Za dugotrajne rezultate preporu\u010duje se desetak tretmana.\u00a0<\/p><p>U ponudi imamo klasi\u010dnu i brazilsku maderoterapiju.<\/p>\t\t\t\t\t\t<\/div>\n\t\t\t\t<\/div>\n\t\t\t\t<div class=\"elementor-element elementor-element-8ae554f elementor-widget elementor-widget-text-editor\" data-id=\"8ae554f\" data-element_type=\"widget\" data-widget_type=\"text-editor.default\">\n\t\t\t\t<div class=\"elementor-widget-container\">\n\t\t\t\t\t\t\t<p><\/p>\t\t\t\t\t\t<\/div>\n\t\t\t\t<\/div>\n\t\t\t\t<div class=\"elementor-element elementor-element-84a2e5a uael-header-sticky-no uael-border-yes elementor-widget elementor-widget-uael-table\" data-id=\"84a2e5a\" data-element_type=\"widget\" data-widget_type=\"uael-table.default\">\n\t\t\t\t<div class=\"elementor-widget-container\">\n\t\t\t<div itemscope class=\"uael-table-wrapper\" itemtype=\"http:\/\/schema.org\/Table\">\n\t\t\t<table id=\"uael-table-id-84a2e5a\" class=\"uael-text-break uael-column-rules uael-table\" data-sort-table=\"no\" data-show-entry=\"no\" data-searchable=\"no\" data-responsive=\"no\">\n\t\t\t<thead>\n\t\t\t\t\t\t\t\t\t<tr class=\"uael-table-row\">\n\t\t\t\t\t\t\t\t\t\t\t\t<th data-sort=\"0\" class=\"sort-this elementor-repeater-item-0 uael-table-col uael-table-head-cell-text\" scope=\"col\">\n\t\t\t\t\t\t\t\t<span class=\"sort-style\">\n\t\t\t\t\t\t\t\t<span class=\"uael-table__text\">\n\n\t\t\t\t\t\t\t\t\t<span class=\"uael-table__text-inner\">\ufeffTE\u010cAJ KONVERZIJE <\/span>\n\t\t\t\t\t\t\t\t<\/span>\n\t\t\t\t\t\t\t\t\t\t\t\t\t\t\t\t<\/span>\n\t\t\t\t\t\t\t<\/th>\n\t\t\t\t\t\t\t\t\t\t\t\t\t\t<th data-sort=\"1\" class=\"sort-this elementor-repeater-item-1 uael-table-col uael-table-head-cell-text\" scope=\"col\">\n\t\t\t\t\t\t\t\t<span class=\"sort-style\">\n\t\t\t\t\t\t\t\t<span class=\"uael-table__text\">\n\n\t\t\t\t\t\t\t\t\t<span class=\"uael-table__text-inner\">1 EUR=7,53450 KN<\/span>\n\t\t\t\t\t\t\t\t<\/span>\n\t\t\t\t\t\t\t\t\t\t\t\t\t\t\t\t<\/span>\n\t\t\t\t\t\t\t<\/th>\n\t\t\t\t\t\t\t\t\t\t\t\t<\/tr>\n\t\t\t\t\t\t\t\t<\/thead>\n\t\t\t<tbody>\n\t\t\t\t<!-- ROWS -->\n\t\t\t\t\t\t\t<\/tbody>\n\t\t<\/table>\n\t\t<\/div>\n\t\t<\/div>\n\t\t\t\t<\/div>\n\t\t\t\t<div class=\"elementor-element elementor-element-81d6cac elementor-share-buttons--skin-framed elementor-share-buttons--align-center elementor-share-buttons--view-icon-text elementor-share-buttons--shape-square elementor-grid-0 elementor-share-buttons--color-official elementor-widget elementor-widget-share-buttons\" data-id=\"81d6cac\" data-element_type=\"widget\" data-widget_type=\"share-buttons.default\">\n\t\t\t\t<div class=\"elementor-widget-container\">\n\t\t\t\t\t<div class=\"elementor-grid\">\n\t\t\t\t\t\t\t\t<div class=\"elementor-grid-item\">\n\t\t\t\t\t\t<div\n\t\t\t\t\t\t\tclass=\"elementor-share-btn elementor-share-btn_facebook\"\n\t\t\t\t\t\t\trole=\"button\"\n\t\t\t\t\t\t\ttabindex=\"0\"\n\t\t\t\t\t\t\taria-label=\"Share on facebook\"\n\t\t\t\t\t\t>\n\t\t\t\t\t\t\t\t\t\t\t\t\t\t\t<span class=\"elementor-share-btn__icon\">\n\t\t\t\t\t\t\t\t<i class=\"fab fa-facebook\" aria-hidden=\"true\"><\/i>\t\t\t\t\t\t\t<\/span>\n\t\t\t\t\t\t\t\t\t\t\t\t\t\t\t\t\t\t\t\t\t\t<div class=\"elementor-share-btn__text\">\n\t\t\t\t\t\t\t\t\t\t\t\t\t\t\t\t\t\t\t<span class=\"elementor-share-btn__title\">\n\t\t\t\t\t\t\t\t\t\tFacebook\t\t\t\t\t\t\t\t\t<\/span>\n\t\t\t\t\t\t\t\t\t\t\t\t\t\t\t\t\t<\/div>\n\t\t\t\t\t\t\t\t\t\t\t\t\t<\/div>\n\t\t\t\t\t<\/div>\n\t\t\t\t\t\t\t\t\t<div class=\"elementor-grid-item\">\n\t\t\t\t\t\t<div\n\t\t\t\t\t\t\tclass=\"elementor-share-btn elementor-share-btn_whatsapp\"\n\t\t\t\t\t\t\trole=\"button\"\n\t\t\t\t\t\t\ttabindex=\"0\"\n\t\t\t\t\t\t\taria-label=\"Share on whatsapp\"\n\t\t\t\t\t\t>\n\t\t\t\t\t\t\t\t\t\t\t\t\t\t\t<span class=\"elementor-share-btn__icon\">\n\t\t\t\t\t\t\t\t<i class=\"fab fa-whatsapp\" aria-hidden=\"true\"><\/i>\t\t\t\t\t\t\t<\/span>\n\t\t\t\t\t\t\t\t\t\t\t\t\t\t\t\t\t\t\t\t\t\t<div class=\"elementor-share-btn__text\">\n\t\t\t\t\t\t\t\t\t\t\t\t\t\t\t\t\t\t\t<span class=\"elementor-share-btn__title\">\n\t\t\t\t\t\t\t\t\t\tWhatsApp\t\t\t\t\t\t\t\t\t<\/span>\n\t\t\t\t\t\t\t\t\t\t\t\t\t\t\t\t\t<\/div>\n\t\t\t\t\t\t\t\t\t\t\t\t\t<\/div>\n\t\t\t\t\t<\/div>\n\t\t\t\t\t\t\t\t\t<div class=\"elementor-grid-item\">\n\t\t\t\t\t\t<div\n\t\t\t\t\t\t\tclass=\"elementor-share-btn elementor-share-btn_pinterest\"\n\t\t\t\t\t\t\trole=\"button\"\n\t\t\t\t\t\t\ttabindex=\"0\"\n\t\t\t\t\t\t\taria-label=\"Share on pinterest\"\n\t\t\t\t\t\t>\n\t\t\t\t\t\t\t\t\t\t\t\t\t\t\t<span class=\"elementor-share-btn__icon\">\n\t\t\t\t\t\t\t\t<i class=\"fab fa-pinterest\" aria-hidden=\"true\"><\/i>\t\t\t\t\t\t\t<\/span>\n\t\t\t\t\t\t\t\t\t\t\t\t\t\t\t\t\t\t\t\t\t\t<div class=\"elementor-share-btn__text\">\n\t\t\t\t\t\t\t\t\t\t\t\t\t\t\t\t\t\t\t<span class=\"elementor-share-btn__title\">\n\t\t\t\t\t\t\t\t\t\tPinterest\t\t\t\t\t\t\t\t\t<\/span>\n\t\t\t\t\t\t\t\t\t\t\t\t\t\t\t\t\t<\/div>\n\t\t\t\t\t\t\t\t\t\t\t\t\t<\/div>\n\t\t\t\t\t<\/div>\n\t\t\t\t\t\t<\/div>\n\t\t\t\t<\/div>\n\t\t\t\t<\/div>\n\t\t\t\t\t<\/div>\n\t\t<\/div>\n\t\t\t\t<div class=\"elementor-column elementor-col-50 elementor-top-column elementor-element elementor-element-280b06b\" data-id=\"280b06b\" data-element_type=\"column\">\n\t\t\t<div class=\"elementor-widget-wrap elementor-element-populated\">\n\t\t\t\t\t\t<div class=\"elementor-element elementor-element-f2ec0d5 elementor-widget elementor-widget-image\" data-id=\"f2ec0d5\" data-element_type=\"widget\" data-widget_type=\"image.default\">\n\t\t\t\t<div class=\"elementor-widget-container\">\n\t\t\t\t\t\t\t\t\t\t\t\t\t<img fetchpriority=\"high\" decoding=\"async\" width=\"675\" height=\"844\" src=\"https:\/\/aspazia.hr\/wp-content\/uploads\/2022\/01\/272645937_640056107325087_5952784513510245968_n.jpg\" class=\"attachment-large size-large wp-image-587\" alt=\"\" srcset=\"https:\/\/aspazia.hr\/wp-content\/uploads\/2022\/01\/272645937_640056107325087_5952784513510245968_n.jpg 675w, https:\/\/aspazia.hr\/wp-content\/uploads\/2022\/01\/272645937_640056107325087_5952784513510245968_n-240x300.jpg 240w\" sizes=\"(max-width: 675px) 100vw, 675px\" \/>\t\t\t\t\t\t\t\t\t\t\t\t\t<\/div>\n\t\t\t\t<\/div>\n\t\t\t\t\t<\/div>\n\t\t<\/div>\n\t\t\t\t\t<\/div>\n\t\t<\/section>\n\t\t\t\t<section class=\"elementor-section elementor-top-section elementor-element elementor-element-942a9cc elementor-section-boxed elementor-section-height-default elementor-section-height-default\" data-id=\"942a9cc\" data-element_type=\"section\">\n\t\t\t\t\t\t<div class=\"elementor-container elementor-column-gap-default\">\n\t\t\t\t\t<div class=\"elementor-column elementor-col-50 elementor-top-column elementor-element elementor-element-a55b560\" data-id=\"a55b560\" data-element_type=\"column\">\n\t\t\t<div class=\"elementor-widget-wrap elementor-element-populated\">\n\t\t\t\t\t\t<div class=\"elementor-element elementor-element-3348d6d elementor-widget elementor-widget-text-editor\" data-id=\"3348d6d\" data-element_type=\"widget\" data-widget_type=\"text-editor.default\">\n\t\t\t\t<div class=\"elementor-widget-container\">\n\t\t\t\t\t\t\t<h2>VACUSLIM 48<\/h2><p>je nova metoda za profesionalne tretmane mr\u0161avljenja i eliminaciju celulita te preoblikovanje obujma, koji se brzo i lako mo\u017ee primjeniti kada treba ubrzati i pokrenuti proces mr\u0161avljenja i pobolj\u0161ati izgled ko\u017ee i tijela, Vacuslim 48 metoda se mo\u017ee primjenjivati kao samostalni paket tretman ili se mo\u017ee kombinirati za postizanje boljih i br\u017eih rezultata sa maderoterapijom. Za dobar efekt preporu\u010da se paket 6 do 12 tretmana koji se izvode 3 puta tjedno, a po zavr\u0161etku tretmana u salonu i kori\u0161tenje ku\u0107ne njege ; seruma i kreme.\u00a0<\/p><p>Prednosti:\u00a0<\/p><ul><li>Mjerljivo smanjenje opsega ve\u0107 nakon prvog tretmana<\/li><li>Pobolj\u0161anje izgleda i tonusa ko\u017ee nakon serije tretmana<\/li><li>Eliminacija suvi\u0161ne teku\u0107ine<\/li><li>Metaboli\u010dko djelovanje aktivnih supstanci na proces lipolize (razlaganje masnih naslaga)<\/li><li>Vakumom se istovremeno posti\u017ee sauna i preso efekt ( efekt limfne drena\u017ee)<\/li><\/ul><p>KONTRAINDIKACIJE<\/p><p><a href=\"https:\/\/hr.wikipedia.org\/wiki\/Krvni_tlak\">Visoki krvni tlak<\/a> , dijabetes, pacijenti na inzulinu, trudnice, dojilje, \u017eene koje su nedavno rodile carskim rezom, maligne bolesti, epilepsija, bolesnici sa te\u0161kim bubre\u017enim oboljenjima, bilo kakva promijena na ko\u017ei u vidu drmatitisa, ekcema, psorijaze, tretman se ne radi na crvenoj upaljenoj ko\u017ei od sunca ili solarija, kao ni na tek izdepiliranoj i obrijanoj ko\u017ei.<\/p>\t\t\t\t\t\t<\/div>\n\t\t\t\t<\/div>\n\t\t\t\t<div class=\"elementor-element elementor-element-c678ab9 elementor-widget elementor-widget-text-editor\" data-id=\"c678ab9\" data-element_type=\"widget\" data-widget_type=\"text-editor.default\">\n\t\t\t\t<div class=\"elementor-widget-container\">\n\t\t\t\t\t\t\t<p><\/p>\t\t\t\t\t\t<\/div>\n\t\t\t\t<\/div>\n\t\t\t\t\t<\/div>\n\t\t<\/div>\n\t\t\t\t<div class=\"elementor-column elementor-col-50 elementor-top-column elementor-element elementor-element-b371d87\" data-id=\"b371d87\" data-element_type=\"column\">\n\t\t\t<div class=\"elementor-widget-wrap elementor-element-populated\">\n\t\t\t\t\t\t<div class=\"elementor-element elementor-element-d8dc235 elementor-widget elementor-widget-image\" data-id=\"d8dc235\" data-element_type=\"widget\" data-widget_type=\"image.default\">\n\t\t\t\t<div class=\"elementor-widget-container\">\n\t\t\t\t\t\t\t\t\t\t\t\t\t<img decoding=\"async\" width=\"560\" height=\"756\" src=\"https:\/\/aspazia.hr\/wp-content\/uploads\/2022\/01\/272334199_4636966336414678_5316738350884432919_n.jpg\" class=\"attachment-large size-large wp-image-610\" alt=\"\" srcset=\"https:\/\/aspazia.hr\/wp-content\/uploads\/2022\/01\/272334199_4636966336414678_5316738350884432919_n.jpg 560w, https:\/\/aspazia.hr\/wp-content\/uploads\/2022\/01\/272334199_4636966336414678_5316738350884432919_n-222x300.jpg 222w\" sizes=\"(max-width: 560px) 100vw, 560px\" \/>\t\t\t\t\t\t\t\t\t\t\t\t\t<\/div>\n\t\t\t\t<\/div>\n\t\t\t\t\t<\/div>\n\t\t<\/div>\n\t\t\t\t\t<\/div>\n\t\t<\/section>\n\t\t\t\t<\/div>\n\t\t","protected":false},"excerpt":{"rendered":"<p>Maderoterapija je oblik anticelulitne masa\u017ee koja se izvodi isklju\u010divo drvenim valjcimai rolerima, dizajniranima upravo za tu namjenu. Temelj ove tehnike je simulacija limfe, \u0161to je prvi korak u uspje\u0161noj borbi protiv celulita.\u00a0 Tretman vidno smanjuje &#8220;naran\u010dinu koru&#8221; i uspje\u0161no rje\u0161ava problem nabubrenja na ko\u017ei. Uz rje\u0161avanja problema s celulitnom maderoterapija pozitivno utje\u010de na sna\u017eno \u010di\u0161\u0107enje [&hellip;]<\/p>\n","protected":false},"author":1,"featured_media":0,"parent":0,"menu_order":0,"comment_status":"closed","ping_status":"closed","template":"elementor_header_footer","meta":{"ocean_post_layout":"","ocean_both_sidebars_style":"","ocean_both_sidebars_content_width":0,"ocean_both_sidebars_sidebars_width":0,"ocean_sidebar":"0","ocean_second_sidebar":"0","ocean_disable_margins":"on","ocean_add_body_class":"","ocean_shortcode_before_top_bar":"","ocean_shortcode_after_top_bar":"","ocean_shortcode_before_header":"","ocean_shortcode_after_header":"","ocean_has_shortcode":"","ocean_shortcode_after_title":"","ocean_shortcode_before_footer_widgets":"","ocean_shortcode_after_footer_widgets":"","ocean_shortcode_before_footer_bottom":"","ocean_shortcode_after_footer_bottom":"","ocean_display_top_bar":"off","ocean_display_header":"on","ocean_header_style":"","ocean_center_header_left_menu":"0","ocean_custom_header_template":"0","ocean_custom_logo":0,"ocean_custom_retina_logo":0,"ocean_custom_logo_max_width":0,"ocean_custom_logo_tablet_max_width":0,"ocean_custom_logo_mobile_max_width":0,"ocean_custom_logo_max_height":0,"ocean_custom_logo_tablet_max_height":0,"ocean_custom_logo_mobile_max_height":0,"ocean_header_custom_menu":"0","ocean_menu_typo_font_family":"0","ocean_menu_typo_font_subset":"","ocean_menu_typo_font_size":0,"ocean_menu_typo_font_size_tablet":0,"ocean_menu_typo_font_size_mobile":0,"ocean_menu_typo_font_size_unit":"px","ocean_menu_typo_font_weight":"","ocean_menu_typo_font_weight_tablet":"","ocean_menu_typo_font_weight_mobile":"","ocean_menu_typo_transform":"","ocean_menu_typo_transform_tablet":"","ocean_menu_typo_transform_mobile":"","ocean_menu_typo_line_height":0,"ocean_menu_typo_line_height_tablet":0,"ocean_menu_typo_line_height_mobile":0,"ocean_menu_typo_line_height_unit":"","ocean_menu_typo_spacing":0,"ocean_menu_typo_spacing_tablet":0,"ocean_menu_typo_spacing_mobile":0,"ocean_menu_typo_spacing_unit":"","ocean_menu_link_color":"","ocean_menu_link_color_hover":"","ocean_menu_link_color_active":"","ocean_menu_link_background":"","ocean_menu_link_hover_background":"","ocean_menu_link_active_background":"","ocean_menu_social_links_bg":"","ocean_menu_social_hover_links_bg":"","ocean_menu_social_links_color":"","ocean_menu_social_hover_links_color":"","ocean_disable_title":"on","ocean_disable_heading":"default","ocean_post_title":"","ocean_post_subheading":"","ocean_post_title_style":"","ocean_post_title_background_color":"","ocean_post_title_background":0,"ocean_post_title_bg_image_position":"","ocean_post_title_bg_image_attachment":"","ocean_post_title_bg_image_repeat":"","ocean_post_title_bg_image_size":"","ocean_post_title_height":0,"ocean_post_title_bg_overlay":0.5,"ocean_post_title_bg_overlay_color":"","ocean_disable_breadcrumbs":"off","ocean_breadcrumbs_color":"","ocean_breadcrumbs_separator_color":"","ocean_breadcrumbs_links_color":"","ocean_breadcrumbs_links_hover_color":"","ocean_display_footer_widgets":"off","ocean_display_footer_bottom":"off","ocean_custom_footer_template":"0","footnotes":""},"class_list":["post-303","page","type-page","status-publish","hentry","entry"],"yoast_head":"<!-- This site is optimized with the Yoast SEO plugin v23.9 - https:\/\/yoast.com\/wordpress\/plugins\/seo\/ -->\n<title>Anticelulitni tretmani - Aspazia kozmeti\u010dki salon<\/title>\n<meta name=\"description\" content=\"Maderoterapija je oblik anticelulitne masa\u017ee koja se izvodi isklju\u010divo drvenim valjcima i rolerima, dizajniranima upravo za tu namjenu\" \/>\n<meta name=\"robots\" content=\"index, follow, max-snippet:-1, max-image-preview:large, max-video-preview:-1\" \/>\n<link rel=\"canonical\" href=\"https:\/\/aspazia.hr\/?page_id=303\" \/>\n<meta property=\"og:locale\" content=\"hr_HR\" \/>\n<meta property=\"og:type\" content=\"article\" \/>\n<meta property=\"og:title\" content=\"Anticelulitni tretmani - Aspazia kozmeti\u010dki salon\" \/>\n<meta property=\"og:description\" content=\"Maderoterapija je oblik anticelulitne masa\u017ee koja se izvodi isklju\u010divo drvenim valjcima i rolerima, dizajniranima upravo za tu namjenu\" \/>\n<meta property=\"og:url\" content=\"https:\/\/aspazia.hr\/?page_id=303\" \/>\n<meta property=\"og:site_name\" content=\"Aspazia kozmeti\u010dki salon\" \/>\n<meta property=\"article:publisher\" content=\"https:\/\/www.facebook.com\/Kozmeti%c4%8dki-salon-Aspazia-598118686945703\" \/>\n<meta property=\"article:modified_time\" content=\"2025-02-28T15:32:46+00:00\" \/>\n<meta property=\"og:image\" content=\"https:\/\/aspazia.hr\/wp-content\/uploads\/2022\/01\/272645937_640056107325087_5952784513510245968_n.jpg\" \/>\n\t<meta property=\"og:image:width\" content=\"675\" \/>\n\t<meta property=\"og:image:height\" content=\"844\" \/>\n\t<meta property=\"og:image:type\" content=\"image\/jpeg\" \/>\n<meta name=\"twitter:card\" content=\"summary_large_image\" \/>\n<meta name=\"twitter:label1\" content=\"Procijenjeno vrijeme \u010ditanja\" \/>\n\t<meta name=\"twitter:data1\" content=\"3 minute\" \/>\n<script type=\"application\/ld+json\" class=\"yoast-schema-graph\">{\"@context\":\"https:\/\/schema.org\",\"@graph\":[{\"@type\":\"WebPage\",\"@id\":\"https:\/\/aspazia.hr\/?page_id=303\",\"url\":\"https:\/\/aspazia.hr\/?page_id=303\",\"name\":\"Anticelulitni tretmani - Aspazia kozmeti\u010dki salon\",\"isPartOf\":{\"@id\":\"https:\/\/aspazia.hr\/#website\"},\"primaryImageOfPage\":{\"@id\":\"https:\/\/aspazia.hr\/?page_id=303#primaryimage\"},\"image\":{\"@id\":\"https:\/\/aspazia.hr\/?page_id=303#primaryimage\"},\"thumbnailUrl\":\"https:\/\/aspazia.hr\/wp-content\/uploads\/2022\/01\/272645937_640056107325087_5952784513510245968_n.jpg\",\"datePublished\":\"2022-01-29T08:51:40+00:00\",\"dateModified\":\"2025-02-28T15:32:46+00:00\",\"description\":\"Maderoterapija je oblik anticelulitne masa\u017ee koja se izvodi isklju\u010divo drvenim valjcima i rolerima, dizajniranima upravo za tu namjenu\",\"breadcrumb\":{\"@id\":\"https:\/\/aspazia.hr\/?page_id=303#breadcrumb\"},\"inLanguage\":\"hr\",\"potentialAction\":[{\"@type\":\"ReadAction\",\"target\":[\"https:\/\/aspazia.hr\/?page_id=303\"]}]},{\"@type\":\"ImageObject\",\"inLanguage\":\"hr\",\"@id\":\"https:\/\/aspazia.hr\/?page_id=303#primaryimage\",\"url\":\"https:\/\/aspazia.hr\/wp-content\/uploads\/2022\/01\/272645937_640056107325087_5952784513510245968_n.jpg\",\"contentUrl\":\"https:\/\/aspazia.hr\/wp-content\/uploads\/2022\/01\/272645937_640056107325087_5952784513510245968_n.jpg\",\"width\":675,\"height\":844},{\"@type\":\"BreadcrumbList\",\"@id\":\"https:\/\/aspazia.hr\/?page_id=303#breadcrumb\",\"itemListElement\":[{\"@type\":\"ListItem\",\"position\":1,\"name\":\"Po\u010detna stranica\",\"item\":\"https:\/\/aspazia.hr\/\"},{\"@type\":\"ListItem\",\"position\":2,\"name\":\"Anticelulitni tretmani\"}]},{\"@type\":\"WebSite\",\"@id\":\"https:\/\/aspazia.hr\/#website\",\"url\":\"https:\/\/aspazia.hr\/\",\"name\":\"Aspazia kozmeti\u010dki salon\",\"description\":\"Kozmeti\u010dki salon Bjelovar\",\"publisher\":{\"@id\":\"https:\/\/aspazia.hr\/#organization\"},\"potentialAction\":[{\"@type\":\"SearchAction\",\"target\":{\"@type\":\"EntryPoint\",\"urlTemplate\":\"https:\/\/aspazia.hr\/?s={search_term_string}\"},\"query-input\":{\"@type\":\"PropertyValueSpecification\",\"valueRequired\":true,\"valueName\":\"search_term_string\"}}],\"inLanguage\":\"hr\"},{\"@type\":\"Organization\",\"@id\":\"https:\/\/aspazia.hr\/#organization\",\"name\":\"Aspazia kozmeti\u010dki salon\",\"url\":\"https:\/\/aspazia.hr\/\",\"logo\":{\"@type\":\"ImageObject\",\"inLanguage\":\"hr\",\"@id\":\"https:\/\/aspazia.hr\/#\/schema\/logo\/image\/\",\"url\":\"https:\/\/aspazia.hr\/wp-content\/uploads\/2022\/01\/logo2021-aspazia.jpg\",\"contentUrl\":\"https:\/\/aspazia.hr\/wp-content\/uploads\/2022\/01\/logo2021-aspazia.jpg\",\"width\":452,\"height\":365,\"caption\":\"Aspazia kozmeti\u010dki salon\"},\"image\":{\"@id\":\"https:\/\/aspazia.hr\/#\/schema\/logo\/image\/\"},\"sameAs\":[\"https:\/\/www.facebook.com\/Kozmeti\u010dki-salon-Aspazia-598118686945703\"]}]}<\/script>\n<!-- \/ Yoast SEO plugin. -->","yoast_head_json":{"title":"Anticelulitni tretmani - Aspazia kozmeti\u010dki salon","description":"Maderoterapija je oblik anticelulitne masa\u017ee koja se izvodi isklju\u010divo drvenim valjcima i rolerima, dizajniranima upravo za tu namjenu","robots":{"index":"index","follow":"follow","max-snippet":"max-snippet:-1","max-image-preview":"max-image-preview:large","max-video-preview":"max-video-preview:-1"},"canonical":"https:\/\/aspazia.hr\/?page_id=303","og_locale":"hr_HR","og_type":"article","og_title":"Anticelulitni tretmani - Aspazia kozmeti\u010dki salon","og_description":"Maderoterapija je oblik anticelulitne masa\u017ee koja se izvodi isklju\u010divo drvenim valjcima i rolerima, dizajniranima upravo za tu namjenu","og_url":"https:\/\/aspazia.hr\/?page_id=303","og_site_name":"Aspazia kozmeti\u010dki salon","article_publisher":"https:\/\/www.facebook.com\/Kozmeti%c4%8dki-salon-Aspazia-598118686945703","article_modified_time":"2025-02-28T15:32:46+00:00","og_image":[{"width":675,"height":844,"url":"https:\/\/aspazia.hr\/wp-content\/uploads\/2022\/01\/272645937_640056107325087_5952784513510245968_n.jpg","type":"image\/jpeg"}],"twitter_card":"summary_large_image","twitter_misc":{"Procijenjeno vrijeme \u010ditanja":"3 minute"},"schema":{"@context":"https:\/\/schema.org","@graph":[{"@type":"WebPage","@id":"https:\/\/aspazia.hr\/?page_id=303","url":"https:\/\/aspazia.hr\/?page_id=303","name":"Anticelulitni tretmani - Aspazia kozmeti\u010dki salon","isPartOf":{"@id":"https:\/\/aspazia.hr\/#website"},"primaryImageOfPage":{"@id":"https:\/\/aspazia.hr\/?page_id=303#primaryimage"},"image":{"@id":"https:\/\/aspazia.hr\/?page_id=303#primaryimage"},"thumbnailUrl":"https:\/\/aspazia.hr\/wp-content\/uploads\/2022\/01\/272645937_640056107325087_5952784513510245968_n.jpg","datePublished":"2022-01-29T08:51:40+00:00","dateModified":"2025-02-28T15:32:46+00:00","description":"Maderoterapija je oblik anticelulitne masa\u017ee koja se izvodi isklju\u010divo drvenim valjcima i rolerima, dizajniranima upravo za tu namjenu","breadcrumb":{"@id":"https:\/\/aspazia.hr\/?page_id=303#breadcrumb"},"inLanguage":"hr","potentialAction":[{"@type":"ReadAction","target":["https:\/\/aspazia.hr\/?page_id=303"]}]},{"@type":"ImageObject","inLanguage":"hr","@id":"https:\/\/aspazia.hr\/?page_id=303#primaryimage","url":"https:\/\/aspazia.hr\/wp-content\/uploads\/2022\/01\/272645937_640056107325087_5952784513510245968_n.jpg","contentUrl":"https:\/\/aspazia.hr\/wp-content\/uploads\/2022\/01\/272645937_640056107325087_5952784513510245968_n.jpg","width":675,"height":844},{"@type":"BreadcrumbList","@id":"https:\/\/aspazia.hr\/?page_id=303#breadcrumb","itemListElement":[{"@type":"ListItem","position":1,"name":"Po\u010detna stranica","item":"https:\/\/aspazia.hr\/"},{"@type":"ListItem","position":2,"name":"Anticelulitni tretmani"}]},{"@type":"WebSite","@id":"https:\/\/aspazia.hr\/#website","url":"https:\/\/aspazia.hr\/","name":"Aspazia kozmeti\u010dki salon","description":"Kozmeti\u010dki salon Bjelovar","publisher":{"@id":"https:\/\/aspazia.hr\/#organization"},"potentialAction":[{"@type":"SearchAction","target":{"@type":"EntryPoint","urlTemplate":"https:\/\/aspazia.hr\/?s={search_term_string}"},"query-input":{"@type":"PropertyValueSpecification","valueRequired":true,"valueName":"search_term_string"}}],"inLanguage":"hr"},{"@type":"Organization","@id":"https:\/\/aspazia.hr\/#organization","name":"Aspazia kozmeti\u010dki salon","url":"https:\/\/aspazia.hr\/","logo":{"@type":"ImageObject","inLanguage":"hr","@id":"https:\/\/aspazia.hr\/#\/schema\/logo\/image\/","url":"https:\/\/aspazia.hr\/wp-content\/uploads\/2022\/01\/logo2021-aspazia.jpg","contentUrl":"https:\/\/aspazia.hr\/wp-content\/uploads\/2022\/01\/logo2021-aspazia.jpg","width":452,"height":365,"caption":"Aspazia kozmeti\u010dki salon"},"image":{"@id":"https:\/\/aspazia.hr\/#\/schema\/logo\/image\/"},"sameAs":["https:\/\/www.facebook.com\/Kozmeti\u010dki-salon-Aspazia-598118686945703"]}]}},"_links":{"self":[{"href":"https:\/\/aspazia.hr\/index.php?rest_route=\/wp\/v2\/pages\/303","targetHints":{"allow":["GET"]}}],"collection":[{"href":"https:\/\/aspazia.hr\/index.php?rest_route=\/wp\/v2\/pages"}],"about":[{"href":"https:\/\/aspazia.hr\/index.php?rest_route=\/wp\/v2\/types\/page"}],"author":[{"embeddable":true,"href":"https:\/\/aspazia.hr\/index.php?rest_route=\/wp\/v2\/users\/1"}],"replies":[{"embeddable":true,"href":"https:\/\/aspazia.hr\/index.php?rest_route=%2Fwp%2Fv2%2Fcomments&post=303"}],"version-history":[{"count":93,"href":"https:\/\/aspazia.hr\/index.php?rest_route=\/wp\/v2\/pages\/303\/revisions"}],"predecessor-version":[{"id":1309,"href":"https:\/\/aspazia.hr\/index.php?rest_route=\/wp\/v2\/pages\/303\/revisions\/1309"}],"wp:attachment":[{"href":"https:\/\/aspazia.hr\/index.php?rest_route=%2Fwp%2Fv2%2Fmedia&parent=303"}],"curies":[{"name":"wp","href":"https:\/\/api.w.org\/{rel}","templated":true}]}}